{"id":10,"date":"2019-01-23T21:18:34","date_gmt":"2019-01-23T21:18:34","guid":{"rendered":"http:\/\/abacontadores.net\/?page_id=10"},"modified":"2019-03-07T17:54:34","modified_gmt":"2019-03-07T17:54:34","slug":"contacto","status":"publish","type":"page","link":"https:\/\/abacontadores.net\/index.php\/contacto\/","title":{"rendered":"Contacto"},"content":{"rendered":"<p><img decoding=\"async\" loading=\"lazy\" class=\"alignnone  wp-image-108\" src=\"http:\/\/abacontadores.net\/wp-content\/uploads\/2019\/01\/logo-ok_ok-300x169.png\" alt=\"\" width=\"156\" height=\"88\" srcset=\"https:\/\/abacontadores.net\/wp-content\/uploads\/2019\/01\/logo-ok_ok-300x169.png 300w, https:\/\/abacontadores.net\/wp-content\/uploads\/2019\/01\/logo-ok_ok.png 477w\" sizes=\"(max-width: 156px) 100vw, 156px\" \/><\/p>\n<p>ENCU\u00c9NTRANOS<\/p>\n<div class=\"textwidget\">\n<p><strong>Direcci\u00f3n<\/strong><br \/>\nCDMX, M\u00e9xico<\/p>\n<p><strong>Horario<\/strong><br \/>\nLunes a viernes: 9:00am a 7:00pm<br \/>\nS\u00e1bado: 10:00am a 2:00pm<\/p>\n<\/div>\n<p>informes@abacontadores.net<\/p>\n<p>Tels. \u00a055-91-97-48-92<\/p>\n<p>Off. \u00a0 \u00a041-59-90-41<\/p>\n","protected":false},"excerpt":{"rendered":"<p>ENCU\u00c9NTRANOS Direcci\u00f3n CDMX, M\u00e9xico Horario Lunes a viernes: 9:00am a 7:00pm S\u00e1bado: 10:00am a 2:00pm informes@abacontadores.net Tels. \u00a055-91-97-48-92 Off. \u00a0 \u00a041-59-90-41<\/p>\n","protected":false},"author":1,"featured_media":78,"parent":0,"menu_order":0,"comment_status":"closed","ping_status":"closed","template":"","meta":[],"_links":{"self":[{"href":"https:\/\/abacontadores.net\/index.php\/wp-json\/wp\/v2\/pages\/10"}],"collection":[{"href":"https:\/\/abacontadores.net\/index.php\/wp-json\/wp\/v2\/pages"}],"about":[{"href":"https:\/\/abacontadores.net\/index.php\/wp-json\/wp\/v2\/types\/page"}],"author":[{"embeddable":true,"href":"https:\/\/abacontadores.net\/index.php\/wp-json\/wp\/v2\/users\/1"}],"replies":[{"embeddable":true,"href":"https:\/\/abacontadores.net\/index.php\/wp-json\/wp\/v2\/comments?post=10"}],"version-history":[{"count":7,"href":"https:\/\/abacontadores.net\/index.php\/wp-json\/wp\/v2\/pages\/10\/revisions"}],"predecessor-version":[{"id":159,"href":"https:\/\/abacontadores.net\/index.php\/wp-json\/wp\/v2\/pages\/10\/revisions\/159"}],"wp:featuredmedia":[{"embeddable":true,"href":"https:\/\/abacontadores.net\/index.php\/wp-json\/wp\/v2\/media\/78"}],"wp:attachment":[{"href":"https:\/\/abacontadores.net\/index.php\/wp-json\/wp\/v2\/media?parent=10"}],"curies":[{"name":"wp","href":"https:\/\/api.w.org\/{rel}","templated":true}]}}