{"id":8,"date":"2019-01-23T21:18:33","date_gmt":"2019-01-23T21:18:33","guid":{"rendered":"http:\/\/abacontadores.net\/?page_id=8"},"modified":"2024-09-24T16:15:47","modified_gmt":"2024-09-24T16:15:47","slug":"inicio","status":"publish","type":"page","link":"https:\/\/abacontadores.net\/","title":{"rendered":"Inicio"},"content":{"rendered":"<p>\u00a1Bienvenido a tu sitio!&nbsp;<\/p>\n<p><\/p>\n<p class=\"has-drop-cap\"> ABA Contadores es una firma de Contadores p\u00edblicos que contamos con m\u00e1s de 25 a\u00f1os de experiencia,  somos un equipo de Profesionales que estamos seguros de poder ayudarte, nos mantenemos actualizados en materia fiscal, contable  y tr\u00e1mites antes el SAT y Seguroi Social.<\/p>\n<p><\/p>\n<p><\/p>\n<p>Nuestros servicios est\u00e1n enfocados a persona moral, f\u00edsica, RIF, SAS.  <\/p>\n<p><\/p>\n<p><\/p>\n<p><\/p>\n<p><\/p>\n<p>Tenemos experiencia en estrategia y auditoria fiscal,  seguro social, Infonavit, N\u00f3mina, asesor\u00eda para establecer una sociedad o definir tu r\u00e9gimen fiscal al iniciar tu negocio.<\/p>\n<p><\/p>\n","protected":false},"excerpt":{"rendered":"<p>\u00a1Bienvenido a tu sitio!&nbsp; ABA Contadores es una firma de Contadores p\u00edblicos que contamos con m\u00e1s de 25 a\u00f1os de experiencia, somos un equipo de Profesionales que estamos seguros de poder ayudarte, nos mantenemos actualizados en materia fiscal, contable y tr\u00e1mites antes el SAT y Seguroi Social. Nuestros servicios est\u00e1n enfocados a persona moral, f\u00edsica, &hellip; <\/p>\n<p class=\"link-more\"><a href=\"https:\/\/abacontadores.net\/\" class=\"more-link\">Continuar leyendo<span class=\"screen-reader-text\"> &#8220;Inicio&#8221;<\/span><\/a><\/p>\n","protected":false},"author":1,"featured_media":77,"parent":0,"menu_order":0,"comment_status":"closed","ping_status":"closed","template":"","meta":[],"_links":{"self":[{"href":"https:\/\/abacontadores.net\/index.php\/wp-json\/wp\/v2\/pages\/8"}],"collection":[{"href":"https:\/\/abacontadores.net\/index.php\/wp-json\/wp\/v2\/pages"}],"about":[{"href":"https:\/\/abacontadores.net\/index.php\/wp-json\/wp\/v2\/types\/page"}],"author":[{"embeddable":true,"href":"https:\/\/abacontadores.net\/index.php\/wp-json\/wp\/v2\/users\/1"}],"replies":[{"embeddable":true,"href":"https:\/\/abacontadores.net\/index.php\/wp-json\/wp\/v2\/comments?post=8"}],"version-history":[{"count":8,"href":"https:\/\/abacontadores.net\/index.php\/wp-json\/wp\/v2\/pages\/8\/revisions"}],"predecessor-version":[{"id":4392,"href":"https:\/\/abacontadores.net\/index.php\/wp-json\/wp\/v2\/pages\/8\/revisions\/4392"}],"wp:featuredmedia":[{"embeddable":true,"href":"https:\/\/abacontadores.net\/index.php\/wp-json\/wp\/v2\/media\/77"}],"wp:attachment":[{"href":"https:\/\/abacontadores.net\/index.php\/wp-json\/wp\/v2\/media?parent=8"}],"curies":[{"name":"wp","href":"https:\/\/api.w.org\/{rel}","templated":true}]}}