{"id":9,"date":"2019-01-23T21:18:33","date_gmt":"2019-01-23T21:18:33","guid":{"rendered":"http:\/\/abacontadores.net\/?page_id=9"},"modified":"2019-03-29T18:15:06","modified_gmt":"2019-03-29T18:15:06","slug":"acerca-de","status":"publish","type":"page","link":"https:\/\/abacontadores.net\/index.php\/acerca-de\/","title":{"rendered":"Nuestros Servicios"},"content":{"rendered":"<header class=\"entry-header\">\n<div class=\"col-lg-5 col-sm-5 wow fadeInLeft delay-05s animated\">\n<div class=\"service-list\">\n<div class=\"service-list-col2\">\n<pre>Quieres saber tu situaci\u00f3n ante el SAT o Seguro Social??\nQuieres hacer tus declaraciones en L\u00ednea??\nTe llegaron multas o notificaciones del SAT o Seguro Social??\nNecesitas asesor\u00eda o revisi\u00f3n de tu contabilidad?\nVas a iniciar tu negocio o formar una sociedad??\nNecesitas hacer tr\u00e1mites ante el SAT o Seguro Social??\nQuieres hacer la N\u00f3mina??\n\n\nNuestros Servicios son integrales y enfocados a gestionar toda la\ncontabilidad de tu empresa para que te enfoques al an\u00e1lisis de los\nresultados y a la toma de decisiones cumpliendo con todas las obligaciones\nque solicita el SAT y seguro social.\n\n<\/pre>\n<\/div>\n<\/div>\n<div class=\"service-list-col2\">\n<p><span style=\"font-size: 1.375rem; line-height: 1.4;\">Servicios<\/span><\/p>\n<ul>\n<li>Valoraci\u00f3n de situaci\u00f3n fiscal y diagnostico<\/li>\n<li>Asesor\u00eda gratuita<\/li>\n<li>Auditoria Fiscal \u00a0y Seguro Social<\/li>\n<li>Estrategia fiscal y contable<\/li>\n<li>Contabilidad para personas Morales, F\u00edsicas, RIF, SAS<\/li>\n<li>Contabilidad para socios <strong>UBER<\/strong><\/li>\n<li>Administraci\u00f3n y pago de N\u00f3mina<\/li>\n<li>Asesor\u00eda para la apertura de tu negocio o empresa<\/li>\n<li>Tr\u00e1mites ante el SAT, IMSS<\/li>\n<\/ul>\n<\/div>\n<\/div>\n<div class=\"col-lg-5 col-sm-5 wow fadeInLeft delay-05s animated\">\n<p><img decoding=\"async\" loading=\"lazy\" class=\"alignnone wp-image-227 \" src=\"http:\/\/abacontadores.net\/wp-content\/uploads\/2019\/03\/valoracion_contable-300x171.png\" alt=\"\" width=\"605\" height=\"345\" srcset=\"https:\/\/abacontadores.net\/wp-content\/uploads\/2019\/03\/valoracion_contable-300x171.png 300w, https:\/\/abacontadores.net\/wp-content\/uploads\/2019\/03\/valoracion_contable-768x438.png 768w, https:\/\/abacontadores.net\/wp-content\/uploads\/2019\/03\/valoracion_contable-350x200.png 350w, https:\/\/abacontadores.net\/wp-content\/uploads\/2019\/03\/valoracion_contable.png 818w\" sizes=\"(max-width: 605px) 100vw, 605px\" \/><\/p>\n<h2 class=\"widget-title\">ENCU\u00c9NTRANOS<\/h2>\n<div class=\"textwidget\">\n<p><strong>Direcci\u00f3n<\/strong><br \/>CDMX, M\u00e9xico<\/p>\n<p>informes@abacontadores.net<\/p>\n<p>Tels. \u00a055-91-97-48-92<\/p>\n<p>Off. \u00a0 \u00a041-59-90-41<\/p>\n<p><strong>Horario<\/strong><br \/>Lunes a viernes: 9:00am a 7:00pm<br \/>S\u00e1bado: 10:00am a 2:00pm<\/p>\n<p><img decoding=\"async\" loading=\"lazy\" class=\"alignnone  wp-image-108\" src=\"http:\/\/abacontadores.net\/wp-content\/uploads\/2019\/01\/logo-ok_ok-300x169.png\" alt=\"\" width=\"108\" height=\"61\" srcset=\"https:\/\/abacontadores.net\/wp-content\/uploads\/2019\/01\/logo-ok_ok-300x169.png 300w, https:\/\/abacontadores.net\/wp-content\/uploads\/2019\/01\/logo-ok_ok.png 477w\" sizes=\"(max-width: 108px) 100vw, 108px\" \/><\/p>\n<\/div>\n<\/div>\n<\/header>\n<p><\/p>\n<p><\/p>\n","protected":false},"excerpt":{"rendered":"<p>Quieres saber tu situaci\u00f3n ante el SAT o Seguro Social?? Quieres hacer tus declaraciones en L\u00ednea?? Te llegaron multas o notificaciones del SAT o Seguro Social?? Necesitas asesor\u00eda o revisi\u00f3n de tu contabilidad? Vas a iniciar tu negocio o formar una sociedad?? Necesitas hacer tr\u00e1mites ante el SAT o Seguro Social?? Quieres hacer la N\u00f3mina?? &hellip; <\/p>\n<p class=\"link-more\"><a href=\"https:\/\/abacontadores.net\/index.php\/acerca-de\/\" class=\"more-link\">Continuar leyendo<span class=\"screen-reader-text\"> &#8220;Nuestros Servicios&#8221;<\/span><\/a><\/p>\n","protected":false},"author":1,"featured_media":74,"parent":0,"menu_order":0,"comment_status":"closed","ping_status":"closed","template":"","meta":[],"_links":{"self":[{"href":"https:\/\/abacontadores.net\/index.php\/wp-json\/wp\/v2\/pages\/9"}],"collection":[{"href":"https:\/\/abacontadores.net\/index.php\/wp-json\/wp\/v2\/pages"}],"about":[{"href":"https:\/\/abacontadores.net\/index.php\/wp-json\/wp\/v2\/types\/page"}],"author":[{"embeddable":true,"href":"https:\/\/abacontadores.net\/index.php\/wp-json\/wp\/v2\/users\/1"}],"replies":[{"embeddable":true,"href":"https:\/\/abacontadores.net\/index.php\/wp-json\/wp\/v2\/comments?post=9"}],"version-history":[{"count":19,"href":"https:\/\/abacontadores.net\/index.php\/wp-json\/wp\/v2\/pages\/9\/revisions"}],"predecessor-version":[{"id":231,"href":"https:\/\/abacontadores.net\/index.php\/wp-json\/wp\/v2\/pages\/9\/revisions\/231"}],"wp:featuredmedia":[{"embeddable":true,"href":"https:\/\/abacontadores.net\/index.php\/wp-json\/wp\/v2\/media\/74"}],"wp:attachment":[{"href":"https:\/\/abacontadores.net\/index.php\/wp-json\/wp\/v2\/media?parent=9"}],"curies":[{"name":"wp","href":"https:\/\/api.w.org\/{rel}","templated":true}]}}